{"id":508,"date":"2024-09-11T11:22:11","date_gmt":"2024-09-11T09:22:11","guid":{"rendered":"https:\/\/bdart.eu\/?page_id=508"},"modified":"2026-04-03T12:38:49","modified_gmt":"2026-04-03T10:38:49","slug":"magazynier-p","status":"publish","type":"page","link":"https:\/\/bdart.eu\/en\/magazynier-p\/","title":{"rendered":"Magazynier"},"content":{"rendered":"<div data-elementor-type=\"wp-page\" data-elementor-id=\"508\" class=\"elementor elementor-508\">\n\t\t\t\t\t\t<section class=\"elementor-section elementor-top-section elementor-element elementor-element-1a0effb elementor-section-full_width elementor-section-height-min-height elementor-section-items-stretch elementor-section-height-default\" data-id=\"1a0effb\" data-element_type=\"section\" data-settings=\"{&quot;background_background&quot;:&quot;classic&quot;}\">\n\t\t\t\t\t\t<div class=\"elementor-container elementor-column-gap-no\">\n\t\t\t\t\t<div class=\"elementor-column elementor-col-100 elementor-top-column elementor-element elementor-element-9745d24\" data-id=\"9745d24\" data-element_type=\"column\" data-settings=\"{&quot;background_background&quot;:&quot;classic&quot;}\">\n\t\t\t<div class=\"elementor-widget-wrap elementor-element-populated\">\n\t\t\t\t\t\t<section class=\"elementor-section elementor-inner-section elementor-element elementor-element-5f5753a elementor-section-full_width elementor-section-content-middle elementor-section-height-default elementor-section-height-default\" data-id=\"5f5753a\" data-element_type=\"section\">\n\t\t\t\t\t\t<div class=\"elementor-container elementor-column-gap-no\">\n\t\t\t\t\t<div class=\"elementor-column elementor-col-50 elementor-inner-column elementor-element elementor-element-31376bf elementor-invisible\" data-id=\"31376bf\" data-element_type=\"column\" data-settings=\"{&quot;background_background&quot;:&quot;classic&quot;,&quot;animation&quot;:&quot;fadeInUp&quot;}\">\n\t\t\t<div class=\"elementor-widget-wrap elementor-element-populated\">\n\t\t\t\t\t\t<div class=\"elementor-element elementor-element-4cb64e4 elementor-widget elementor-widget-heading\" data-id=\"4cb64e4\" data-element_type=\"widget\" data-widget_type=\"heading.default\">\n\t\t\t\t<div class=\"elementor-widget-container\">\n\t\t\t<h1 class=\"elementor-heading-title elementor-size-default\">PLANISTA PRODUKCJI<\/h1>\t\t<\/div>\n\t\t\t\t<\/div>\n\t\t\t\t\t<\/div>\n\t\t<\/div>\n\t\t\t\t<div class=\"elementor-column elementor-col-50 elementor-inner-column elementor-element elementor-element-33a4049 elementor-hidden-mobile elementor-hidden-tablet\" data-id=\"33a4049\" data-element_type=\"column\">\n\t\t\t<div class=\"elementor-widget-wrap\">\n\t\t\t\t\t\t\t<\/div>\n\t\t<\/div>\n\t\t\t\t\t<\/div>\n\t\t<\/section>\n\t\t\t\t<div class=\"elementor-element elementor-element-75a23c1 elementor-grid-1 elementor-widget__width-auto elementor-absolute elementor-hidden-tablet elementor-hidden-mobile elementor-hidden-laptop elementor-shape-rounded e-grid-align-center elementor-invisible elementor-widget elementor-widget-social-icons\" data-id=\"75a23c1\" data-element_type=\"widget\" data-settings=\"{&quot;_position&quot;:&quot;absolute&quot;,&quot;_animation&quot;:&quot;fadeInDown&quot;}\" data-widget_type=\"social-icons.default\">\n\t\t\t\t<div class=\"elementor-widget-container\">\n\t\t\t\t\t<div class=\"elementor-social-icons-wrapper elementor-grid\">\n\t\t\t\t\t\t\t<span class=\"elementor-grid-item\">\n\t\t\t\t\t<a class=\"elementor-icon elementor-social-icon elementor-social-icon-facebook-f elementor-animation-grow elementor-repeater-item-b56629e\" href=\"https:\/\/www.facebook.com\/bdartframesandmirrors\/\" target=\"_blank\">\n\t\t\t\t\t\t<span class=\"elementor-screen-only\">Facebook-f<\/span>\n\t\t\t\t\t\t<svg class=\"e-font-icon-svg e-fab-facebook-f\" viewbox=\"0 0 320 512\" xmlns=\"http:\/\/www.w3.org\/2000\/svg\"><path d=\"M279.14 288l14.22-92.66h-88.91v-60.13c0-25.35 12.42-50.06 52.24-50.06h40.42V6.26S260.43 0 225.36 0c-73.22 0-121.08 44.38-121.08 124.72v70.62H22.89V288h81.39v224h100.17V288z\"><\/path><\/svg>\t\t\t\t\t<\/a>\n\t\t\t\t<\/span>\n\t\t\t\t\t\t\t<span class=\"elementor-grid-item\">\n\t\t\t\t\t<a class=\"elementor-icon elementor-social-icon elementor-social-icon-instagram elementor-animation-grow elementor-repeater-item-8728f8a\" href=\"https:\/\/www.instagram.com\/bd_art_frames\/\" target=\"_blank\">\n\t\t\t\t\t\t<span class=\"elementor-screen-only\">Instagram<\/span>\n\t\t\t\t\t\t<svg class=\"e-font-icon-svg e-fab-instagram\" viewbox=\"0 0 448 512\" xmlns=\"http:\/\/www.w3.org\/2000\/svg\"><path d=\"M224.1 141c-63.6 0-114.9 51.3-114.9 114.9s51.3 114.9 114.9 114.9S339 319.5 339 255.9 287.7 141 224.1 141zm0 189.6c-41.1 0-74.7-33.5-74.7-74.7s33.5-74.7 74.7-74.7 74.7 33.5 74.7 74.7-33.6 74.7-74.7 74.7zm146.4-194.3c0 14.9-12 26.8-26.8 26.8-14.9 0-26.8-12-26.8-26.8s12-26.8 26.8-26.8 26.8 12 26.8 26.8zm76.1 27.2c-1.7-35.9-9.9-67.7-36.2-93.9-26.2-26.2-58-34.4-93.9-36.2-37-2.1-147.9-2.1-184.9 0-35.8 1.7-67.6 9.9-93.9 36.1s-34.4 58-36.2 93.9c-2.1 37-2.1 147.9 0 184.9 1.7 35.9 9.9 67.7 36.2 93.9s58 34.4 93.9 36.2c37 2.1 147.9 2.1 184.9 0 35.9-1.7 67.7-9.9 93.9-36.2 26.2-26.2 34.4-58 36.2-93.9 2.1-37 2.1-147.8 0-184.8zM398.8 388c-7.8 19.6-22.9 34.7-42.6 42.6-29.5 11.7-99.5 9-132.1 9s-102.7 2.6-132.1-9c-19.6-7.8-34.7-22.9-42.6-42.6-11.7-29.5-9-99.5-9-132.1s-2.6-102.7 9-132.1c7.8-19.6 22.9-34.7 42.6-42.6 29.5-11.7 99.5-9 132.1-9s102.7-2.6 132.1 9c19.6 7.8 34.7 22.9 42.6 42.6 11.7 29.5 9 99.5 9 132.1s2.7 102.7-9 132.1z\"><\/path><\/svg>\t\t\t\t\t<\/a>\n\t\t\t\t<\/span>\n\t\t\t\t\t\t\t<span class=\"elementor-grid-item\">\n\t\t\t\t\t<a class=\"elementor-icon elementor-social-icon elementor-social-icon-pinterest elementor-animation-grow elementor-repeater-item-9cd4e1d\" href=\"https:\/\/pl.pinterest.com\/bd_art_frames\/\" target=\"_blank\">\n\t\t\t\t\t\t<span class=\"elementor-screen-only\">Pinterest<\/span>\n\t\t\t\t\t\t<svg class=\"e-font-icon-svg e-fab-pinterest\" viewbox=\"0 0 496 512\" xmlns=\"http:\/\/www.w3.org\/2000\/svg\"><path d=\"M496 256c0 137-111 248-248 248-25.6 0-50.2-3.9-73.4-11.1 10.1-16.5 25.2-43.5 30.8-65 3-11.6 15.4-59 15.4-59 8.1 15.4 31.7 28.5 56.8 28.5 74.8 0 128.7-68.8 128.7-154.3 0-81.9-66.9-143.2-152.9-143.2-107 0-163.9 71.8-163.9 150.1 0 36.4 19.4 81.7 50.3 96.1 4.7 2.2 7.2 1.2 8.3-3.3.8-3.4 5-20.3 6.9-28.1.6-2.5.3-4.7-1.7-7.1-10.1-12.5-18.3-35.3-18.3-56.6 0-54.7 41.4-107.6 112-107.6 60.9 0 103.6 41.5 103.6 100.9 0 67.1-33.9 113.6-78 113.6-24.3 0-42.6-20.1-36.7-44.8 7-29.5 20.5-61.3 20.5-82.6 0-19-10.2-34.9-31.4-34.9-24.9 0-44.9 25.7-44.9 60.2 0 22 7.4 36.8 7.4 36.8s-24.5 103.8-29 123.2c-5 21.4-3 51.6-.9 71.2C65.4 450.9 0 361.1 0 256 0 119 111 8 248 8s248 111 248 248z\"><\/path><\/svg>\t\t\t\t\t<\/a>\n\t\t\t\t<\/span>\n\t\t\t\t\t<\/div>\n\t\t\t\t<\/div>\n\t\t\t\t<\/div>\n\t\t\t\t\t<\/div>\n\t\t<\/div>\n\t\t\t\t\t<\/div>\n\t\t<\/section>\n\t\t<div class=\"elementor-element elementor-element-4f6fc95 e-flex e-con-boxed e-con e-parent\" data-id=\"4f6fc95\" data-element_type=\"container\">\n\t\t\t\t\t<div class=\"e-con-inner\">\n\t\t\t\t<div class=\"elementor-element elementor-element-b72b967 elementor-invisible elementor-widget elementor-widget-heading\" data-id=\"b72b967\" data-element_type=\"widget\" data-settings=\"{&quot;_animation&quot;:&quot;fadeInLeft&quot;}\" data-widget_type=\"heading.default\">\n\t\t\t\t<div class=\"elementor-widget-container\">\n\t\t\t<h2 class=\"elementor-heading-title elementor-size-default\">Planista produkcji  <\/h2>\t\t<\/div>\n\t\t\t\t<\/div>\n\t\t\t\t<div class=\"elementor-element elementor-element-9a32b6f elementor-drop-cap-yes elementor-drop-cap-view-default elementor-widget elementor-widget-text-editor\" data-id=\"9a32b6f\" data-element_type=\"widget\" data-settings=\"{&quot;drop_cap&quot;:&quot;yes&quot;}\" data-widget_type=\"text-editor.default\">\n\t\t\t\t<div class=\"elementor-widget-container\">\n\t\t\t\t\t\t\t<p class=\"MsoNormal\"><b><span style=\"font-size: 12.0pt; line-height: 107%; mso-fareast-font-family: 'Times New Roman'; mso-bidi-font-family: Calibri; mso-bidi-theme-font: minor-latin; mso-fareast-language: PL;\">Do\u0142\u0105cz do lidera w bran\u017cy dekoracji wn\u0119trz!<\/span><\/b><\/p><p class=\"MsoNormal\"><b><span style=\"font-size: 12.0pt; line-height: 107%; mso-fareast-font-family: 'Times New Roman'; mso-bidi-font-family: Calibri; mso-bidi-theme-font: minor-latin; mso-fareast-language: PL;\">BD Art<\/span><\/b><span style=\"font-size: 12.0pt; line-height: 107%; mso-fareast-font-family: 'Times New Roman'; mso-bidi-font-family: Calibri; mso-bidi-theme-font: minor-latin; mso-fareast-language: PL;\"> to jeden z najwi\u0119kszych producent\u00f3w ram, ramek do zdj\u0119\u0107 i luster na \u015bwiecie. Wsp\u00f3\u0142pracujemy z tak znanymi markami jak <b>IKEA<\/b>, <b>Castorama<\/b> czy <b>Leroy Merlin<\/b>, a tak\u017ce z tysi\u0105cami Klient\u00f3w indywidualnych w kraju i za granic\u0105. Jeste\u015bmy polsk\u0105 firm\u0105 z ponad <b>30-letni\u0105 tradycj\u0105<\/b>, dzia\u0142aj\u0105c\u0105 nieprzerwanie na rynku.<\/span><\/p><p class=\"MsoNormal\"><span style=\"font-size: 12.0pt; line-height: 107%; mso-fareast-font-family: 'Times New Roman'; mso-bidi-font-family: Calibri; mso-bidi-theme-font: minor-latin; mso-fareast-language: PL;\">Do\u0142\u0105cz do naszego zespo\u0142u jako:<\/span><\/p><p class=\"MsoNormal\" style=\"text-align: center;\" align=\"center\"><b><span style=\"font-size: 14.0pt; line-height: 107%; mso-fareast-font-family: 'Times New Roman'; mso-bidi-font-family: Calibri; mso-bidi-theme-font: minor-latin; mso-fareast-language: PL;\">Planista Produkcji<\/span><\/b><\/p><p class=\"MsoNormal\" style=\"text-align: center;\" align=\"center\"><b><span style=\"font-size: 14.0pt; line-height: 107%; mso-fareast-font-family: 'Times New Roman'; mso-bidi-font-family: Calibri; mso-bidi-theme-font: minor-latin; mso-fareast-language: PL;\">Miejsce pracy: Ma\u0142kinia G\u00f3rna (pow. ostrowski)<\/span><\/b><\/p><p class=\"MsoNormal\"><span style=\"font-size: 12.0pt; line-height: 107%; mso-fareast-font-family: 'Times New Roman'; mso-bidi-font-family: Calibri; mso-bidi-theme-font: minor-latin; mso-fareast-language: PL;\">\u00a0<\/span><\/p><p class=\"MsoNormal\"><b>Co b\u0119dzie nale\u017ca\u0142o do Twoich zada\u0144?<\/b><\/p><p class=\"MsoNormal\" style=\"margin-left: 18.0pt;\">Tworzenie kr\u00f3tko- i \u015brednioterminowych plan\u00f3w produkcji z uwzgl\u0119dnieniem dost\u0119pno\u015bci materia\u0142\u00f3w, zasob\u00f3w ludzkich i zam\u00f3wie\u0144 klient\u00f3w<\/p><p class=\"MsoNormal\" style=\"margin-left: 18.0pt;\">Monitorowanie realizacji planu produkcji i wprowadzanie ewentualnych korekt<\/p><p class=\"MsoNormal\" style=\"margin-left: 18.0pt;\">Obs\u0142uga systemu klasy APS wspieraj\u0105cego planowanie<\/p><p class=\"MsoNormal\" style=\"margin-left: 18.0pt;\">\u015acis\u0142a wsp\u00f3\u0142praca z dzia\u0142em zakup\u00f3w, produkcj\u0105 oraz magazynem<\/p><p class=\"MsoNormal\" style=\"margin-left: 18.0pt;\">Dba\u0142o\u015b\u0107 o terminow\u0105 realizacj\u0119 zam\u00f3wie\u0144<\/p><p class=\"MsoNormal\">\u00a0<\/p><p class=\"MsoNormal\"><b>Czego oczekujemy?<\/b><\/p><p class=\"MsoNormal\" style=\"margin-left: 18.0pt;\">Do\u015bwiadczenia w planowaniu produkcji lub pracy na podobnym stanowisku<\/p><p class=\"MsoNormal\" style=\"margin-left: 18.0pt;\">Wykszta\u0142cenia wy\u017cszego &#8211; mile widziane kierunki: logistyka, ekonomia<\/p><p class=\"MsoNormal\" style=\"margin-left: 18.0pt;\">Umiej\u0119tno\u015bci logicznego, analitycznego my\u015blenia<\/p><p class=\"MsoNormal\" style=\"margin-left: 18.0pt;\">Znajomo\u015bci MS Excel na poziomie co najmniej dobrym<\/p><p class=\"MsoNormal\" style=\"margin-left: 18.0pt;\">Komunikatywnej znajomo\u015bci j\u0119zyka angielskiego<\/p><p class=\"MsoNormal\" style=\"margin-left: 36.0pt;\">\u00a0<\/p><p class=\"MsoNormal\"><b>Co oferujemy?<\/b><\/p><p class=\"MsoNormal\" style=\"margin-left: 18.0pt;\">Stabilne zatrudnienie w firmie o silnej, mi\u0119dzynarodowej pozycji<\/p><p class=\"MsoNormal\" style=\"margin-left: 18.0pt;\">Wsparcie do\u015bwiadczonego zespo\u0142u na ka\u017cdym etapie wdro\u017cenia<\/p><p class=\"MsoNormal\" style=\"margin-left: 18.0pt;\">Przyjazn\u0105 atmosfer\u0119 i dobr\u0105 energi\u0119 w pracy<\/p><p class=\"MsoNormal\" style=\"margin-left: 18.0pt;\">Ciekawe zadania &#8211; nuda to u nas rzadko\u015b\u0107!<\/p><p class=\"MsoNormal\" style=\"margin-left: 18.0pt;\">Realn\u0105 szans\u0119 rozwoju zawodowego i mo\u017cliwo\u015b\u0107 udzia\u0142u w szkoleniach, kursach j\u0119zykowych czy studiach dofinansowanych przez firm\u0119<\/p><p class=\"MsoNormal\" style=\"margin-left: 18.0pt;\"><a name=\"_Hlk204068965\"><\/a>Kart\u0119 Multisport, ubezpieczenie NW w atrakcyjnej cenie<\/p><p class=\"MsoNormal\" style=\"margin-left: 18.0pt;\">Zni\u017cki pracownicze na produkty BD Art<\/p><p class=\"MsoNormal\" style=\"margin-left: 18.0pt;\">P\u0142atny program polece\u0144 pracowniczych<\/p><p class=\"MsoNormal\" style=\"margin-left: 18.0pt;\">R\u00f3wnowa\u017cny czas pracy: poniedzia\u0142ek-czwartek po 8,5h a w pi\u0105tek tylko 6h<\/p><p class=\"MsoNormal\"><b>BD Art Sp. z o.o. &#8211; tw\u00f3rzmy razem co\u015b wyj\u0105tkowego!<\/b><\/p><p class=\"MsoNormal\"><b>Prze\u015blij CV lub dostarcz osobi\u015bcie do Zak\u0142adu Produkcyjnego<\/b><\/p><p class=\"MsoNormal\"><b>\u00a0<\/b><\/p><p class=\"MsoNormal\"><b>Pami\u0119taj o klauzuli RODO:<\/b><\/p><p class=\"MsoNormal\"><i>Wyra\u017cam zgod\u0119 na przetwarzanie danych osobowych zawartych w mojej ofercie pracy dla potrzeb niezb\u0119dnych do realizacji obecnego oraz przysz\u0142ych proces\u00f3w rekrutacji prowadzonego przez B.D. Art Sp. z o.o. z siedzib\u0105 w Ma\u0142kini G\u00f3rnej zgodnie z ustaw\u0105 z dnia 10 maja 2018 roku o ochronie danych osobowych (Dz. Ustaw z 2018, poz. 1000) oraz zgodnie z Rozporz\u0105dzeniem Parlamentu Europejskiego i Rady (UE) 2016\/679 z dnia 27 kwietnia 2016 r. w sprawie ochrony os\u00f3b fizycznych w zwi\u0105zku z przetwarzaniem danych osobowych i w sprawie swobodnego przep\u0142ywu takich danych oraz uchylenia dyrektywy 95\/46\/WE (RODO).<\/i><\/p><p class=\"MsoNormal\" style=\"margin-bottom: 0cm; line-height: normal;\"><a name=\"_Hlk183694614\"><\/a><\/p><p class=\"MsoNormal\"><i>W firmie\u00a0 obowi\u0105zuje &#8222;Wewn\u0119trzna procedura zg\u0142aszania informacji o naruszeniach prawa i podejmowania dzia\u0142a\u0144 nast\u0119pczych w BD Art Sp\u00f3\u0142ka z ograniczon\u0105 odpowiedzialno\u015bci\u0105&#8221;. Osoby zainteresowane jej tre\u015bci\u0105 mog\u0105 j\u0105 uzyska\u0107 w siedzibie podmiotu.<\/i><\/p>\t\t\t\t\t\t<\/div>\n\t\t\t\t<\/div>\n\t\t\t\t\t<\/div>\n\t\t\t\t<\/div>\n\t\t<div class=\"elementor-element elementor-element-274d54a e-flex e-con-boxed e-con e-parent\" data-id=\"274d54a\" data-element_type=\"container\">\n\t\t\t\t\t<div class=\"e-con-inner\">\n\t\t<div class=\"elementor-element elementor-element-efbaaf1 e-con-full e-flex e-con e-child\" data-id=\"efbaaf1\" data-element_type=\"container\">\n\t\t\t\t<div class=\"elementor-element elementor-element-92f50ab elementor-invisible elementor-widget elementor-widget-heading\" data-id=\"92f50ab\" data-element_type=\"widget\" data-settings=\"{&quot;_animation&quot;:&quot;fadeInLeft&quot;}\" data-widget_type=\"heading.default\">\n\t\t\t\t<div class=\"elementor-widget-container\">\n\t\t\t<h2 class=\"elementor-heading-title elementor-size-default\">Join our team!<\/h2>\t\t<\/div>\n\t\t\t\t<\/div>\n\t\t\t\t<div class=\"elementor-element elementor-element-ec3f572 elementor-widget elementor-widget-text-editor\" data-id=\"ec3f572\" data-element_type=\"widget\" data-widget_type=\"text-editor.default\">\n\t\t\t\t<div class=\"elementor-widget-container\">\n\t\t\t\t\t\t\t<p>We believe that people create our success. If you are looking for new challenges, value professional development and want to work in an inspiring environment, you are in the right place. Our company is a team of professionals who approach their work with passion. Join us and develop your career in a dynamic and innovative organization. Contact us by filling out the form below and see how we can achieve new goals together!\u00a0<\/p>\t\t\t\t\t\t<\/div>\n\t\t\t\t<\/div>\n\t\t\t\t<\/div>\n\t\t<div class=\"elementor-element elementor-element-d192e35 e-con-full e-flex e-con e-child\" data-id=\"d192e35\" data-element_type=\"container\">\n\t\t\t\t<div class=\"elementor-element elementor-element-57f51cd elementor-button-align-stretch elementor-widget elementor-widget-form\" data-id=\"57f51cd\" data-element_type=\"widget\" data-settings=\"{&quot;step_next_label&quot;:&quot;Next&quot;,&quot;step_previous_label&quot;:&quot;Previous&quot;,&quot;button_width&quot;:&quot;100&quot;,&quot;step_type&quot;:&quot;number_text&quot;,&quot;step_icon_shape&quot;:&quot;circle&quot;}\" data-widget_type=\"form.default\">\n\t\t\t\t<div class=\"elementor-widget-container\">\n\t\t\t\t\t<form class=\"elementor-form\" method=\"post\" name=\"New Form\" action=\"\">\n\t\t\t<input type=\"hidden\" name=\"post_id\" value=\"508\"\/>\n\t\t\t<input type=\"hidden\" name=\"form_id\" value=\"57f51cd\"\/>\n\t\t\t<input type=\"hidden\" name=\"referer_title\" value=\"\" \/>\n\n\t\t\t\n\t\t\t<div class=\"elementor-form-fields-wrapper elementor-labels-above\">\n\t\t\t\t\t\t\t\t<div class=\"elementor-field-type-text elementor-field-group elementor-column elementor-field-group-name elementor-col-100\">\n\t\t\t\t\t\t\t\t\t\t\t\t<label for=\"form-field-name\" class=\"elementor-field-label\">\n\t\t\t\t\t\t\t\tName and surname\t\t\t\t\t\t\t<\/label>\n\t\t\t\t\t\t\t\t\t\t\t\t\t\t<input size=\"1\" type=\"text\" name=\"form_fields[name]\" id=\"form-field-name\" class=\"elementor-field elementor-size-sm  elementor-field-textual\" placeholder=\"Name and surname\">\n\t\t\t\t\t\t\t\t\t\t\t<\/div>\n\t\t\t\t\t\t\t\t<div class=\"elementor-field-type-email elementor-field-group elementor-column elementor-field-group-email elementor-col-100 elementor-field-required\">\n\t\t\t\t\t\t\t\t\t\t\t\t<label for=\"form-field-email\" class=\"elementor-field-label\">\n\t\t\t\t\t\t\t\tEmail\t\t\t\t\t\t\t<\/label>\n\t\t\t\t\t\t\t\t\t\t\t\t\t\t<input size=\"1\" type=\"email\" name=\"form_fields[email]\" id=\"form-field-email\" class=\"elementor-field elementor-size-sm  elementor-field-textual\" placeholder=\"Email\" required=\"required\" aria-required=\"true\">\n\t\t\t\t\t\t\t\t\t\t\t<\/div>\n\t\t\t\t\t\t\t\t<div class=\"elementor-field-type-textarea elementor-field-group elementor-column elementor-field-group-message elementor-col-100\">\n\t\t\t\t\t\t\t\t\t\t\t\t<label for=\"form-field-message\" class=\"elementor-field-label\">\n\t\t\t\t\t\t\t\tMessage\t\t\t\t\t\t\t<\/label>\n\t\t\t\t\t\t<textarea class=\"elementor-field-textual elementor-field  elementor-size-sm\" name=\"form_fields[message]\" id=\"form-field-message\" rows=\"4\" placeholder=\"Message\"><\/textarea>\t\t\t\t<\/div>\n\t\t\t\t\t\t\t\t<div class=\"elementor-field-type-upload elementor-field-group elementor-column elementor-field-group-field_f53ff4d elementor-col-100 elementor-field-required\">\n\t\t\t\t\t\t\t\t\t\t\t\t<label for=\"form-field-field_f53ff4d\" class=\"elementor-field-label\">\n\t\t\t\t\t\t\t\tCV\t\t\t\t\t\t\t<\/label>\n\t\t\t\t\t\t\t\t<input type=\"file\" name=\"form_fields[field_f53ff4d]\" id=\"form-field-field_f53ff4d\" class=\"elementor-field elementor-size-sm  elementor-upload-field\" required=\"required\" aria-required=\"true\">\n\n\t\t\t\t\t\t<\/div>\n\t\t\t\t\t\t\t\t<div class=\"elementor-field-group elementor-column elementor-field-type-submit elementor-col-100 e-form__buttons\">\n\t\t\t\t\t<button type=\"submit\" class=\"elementor-button elementor-size-sm\">\n\t\t\t\t\t\t<span >\n\t\t\t\t\t\t\t\t\t\t\t\t\t\t\t<span class=\"elementor-button-icon\">\n\t\t\t\t\t\t\t\t\t\t\t\t\t\t\t\t\t\t\t\t\t\t\t\t\t\t<\/span>\n\t\t\t\t\t\t\t\t\t\t\t\t\t\t\t\t\t\t\t\t\t\t<span class=\"elementor-button-text\">Send<\/span>\n\t\t\t\t\t\t\t\t\t\t\t\t\t<\/span>\n\t\t\t\t\t<\/button>\n\t\t\t\t<\/div>\n\t\t\t<\/div>\n\t\t<input type=\"hidden\" name=\"trp-form-language\" value=\"en\"\/><\/form>\n\t\t\t\t<\/div>\n\t\t\t\t<\/div>\n\t\t\t\t<\/div>\n\t\t\t\t\t<\/div>\n\t\t\t\t<\/div>\n\t\t\t\t<\/div>","protected":false},"excerpt":{"rendered":"<p>PLANISTA PRODUKCJI Facebook-f Instagram Pinterest Planista produkcji Do\u0142\u0105cz do lidera w bran\u017cy dekoracji wn\u0119trz! BD Art to jeden z najwi\u0119kszych producent\u00f3w ram, ramek do zdj\u0119\u0107 i luster na \u015bwiecie. Wsp\u00f3\u0142pracujemy z tak znanymi markami jak IKEA, Castorama czy Leroy Merlin, a tak\u017ce z tysi\u0105cami Klient\u00f3w indywidualnych w kraju i za granic\u0105. Jeste\u015bmy polsk\u0105 firm\u0105 z [&hellip;]<\/p>","protected":false},"author":1,"featured_media":0,"parent":0,"menu_order":0,"comment_status":"closed","ping_status":"closed","template":"","meta":{"footnotes":""},"class_list":["post-508","page","type-page","status-publish","hentry"],"_links":{"self":[{"href":"https:\/\/bdart.eu\/en\/wp-json\/wp\/v2\/pages\/508","targetHints":{"allow":["GET"]}}],"collection":[{"href":"https:\/\/bdart.eu\/en\/wp-json\/wp\/v2\/pages"}],"about":[{"href":"https:\/\/bdart.eu\/en\/wp-json\/wp\/v2\/types\/page"}],"author":[{"embeddable":true,"href":"https:\/\/bdart.eu\/en\/wp-json\/wp\/v2\/users\/1"}],"replies":[{"embeddable":true,"href":"https:\/\/bdart.eu\/en\/wp-json\/wp\/v2\/comments?post=508"}],"version-history":[{"count":33,"href":"https:\/\/bdart.eu\/en\/wp-json\/wp\/v2\/pages\/508\/revisions"}],"predecessor-version":[{"id":1123,"href":"https:\/\/bdart.eu\/en\/wp-json\/wp\/v2\/pages\/508\/revisions\/1123"}],"wp:attachment":[{"href":"https:\/\/bdart.eu\/en\/wp-json\/wp\/v2\/media?parent=508"}],"curies":[{"name":"wp","href":"https:\/\/api.w.org\/{rel}","templated":true}]}}