{"id":1136,"date":"2026-04-03T13:31:11","date_gmt":"2026-04-03T11:31:11","guid":{"rendered":"https:\/\/bdart.eu\/?page_id=1136"},"modified":"2026-04-03T13:36:06","modified_gmt":"2026-04-03T11:36:06","slug":"elementor-1136","status":"publish","type":"page","link":"https:\/\/bdart.eu\/en\/elementor-1136\/","title":{"rendered":"Elementor #1136"},"content":{"rendered":"<div data-elementor-type=\"wp-post\" data-elementor-id=\"1136\" class=\"elementor elementor-1136\">\n\t\t\t\t\t\t<section class=\"elementor-section elementor-top-section elementor-element elementor-element-78b036f elementor-section-boxed elementor-section-height-default elementor-section-height-default\" data-id=\"78b036f\" data-element_type=\"section\">\n\t\t\t\t\t\t<div class=\"elementor-container elementor-column-gap-default\">\n\t\t\t\t\t<div class=\"elementor-column elementor-col-100 elementor-top-column elementor-element elementor-element-5e37a14\" data-id=\"5e37a14\" data-element_type=\"column\" data-settings=\"{&quot;background_background&quot;:&quot;classic&quot;}\">\n\t\t\t<div class=\"elementor-widget-wrap elementor-element-populated\">\n\t\t\t\t\t\t<section class=\"elementor-section elementor-inner-section elementor-element elementor-element-1faf192 elementor-section-full_width elementor-section-content-middle elementor-section-height-default elementor-section-height-default\" data-id=\"1faf192\" data-element_type=\"section\">\n\t\t\t\t\t\t<div class=\"elementor-container elementor-column-gap-no\">\n\t\t\t\t\t<div class=\"elementor-column elementor-col-50 elementor-inner-column elementor-element elementor-element-a3926fb elementor-invisible\" data-id=\"a3926fb\" data-element_type=\"column\" data-settings=\"{&quot;background_background&quot;:&quot;classic&quot;,&quot;animation&quot;:&quot;fadeInUp&quot;}\">\n\t\t\t<div class=\"elementor-widget-wrap elementor-element-populated\">\n\t\t\t\t\t\t<div class=\"elementor-element elementor-element-fd1a6c8 elementor-widget__width-initial elementor-widget elementor-widget-heading\" data-id=\"fd1a6c8\" data-element_type=\"widget\" data-widget_type=\"heading.default\">\n\t\t\t\t<div class=\"elementor-widget-container\">\n\t\t\t<h1 class=\"elementor-heading-title elementor-size-default\">Magazynier kierowca w\u00f3zka<\/h1>\t\t<\/div>\n\t\t\t\t<\/div>\n\t\t\t\t\t<\/div>\n\t\t<\/div>\n\t\t\t\t<div class=\"elementor-column elementor-col-50 elementor-inner-column elementor-element elementor-element-21c6719 elementor-hidden-mobile elementor-hidden-tablet\" data-id=\"21c6719\" data-element_type=\"column\">\n\t\t\t<div class=\"elementor-widget-wrap\">\n\t\t\t\t\t\t\t<\/div>\n\t\t<\/div>\n\t\t\t\t\t<\/div>\n\t\t<\/section>\n\t\t\t\t<div class=\"elementor-element elementor-element-5467821 elementor-grid-1 elementor-widget__width-auto elementor-absolute elementor-hidden-tablet elementor-hidden-mobile elementor-hidden-laptop elementor-shape-rounded e-grid-align-center elementor-invisible elementor-widget elementor-widget-social-icons\" data-id=\"5467821\" data-element_type=\"widget\" data-settings=\"{&quot;_position&quot;:&quot;absolute&quot;,&quot;_animation&quot;:&quot;fadeInDown&quot;}\" data-widget_type=\"social-icons.default\">\n\t\t\t\t<div class=\"elementor-widget-container\">\n\t\t\t\t\t<div class=\"elementor-social-icons-wrapper elementor-grid\">\n\t\t\t\t\t\t\t<span class=\"elementor-grid-item\">\n\t\t\t\t\t<a class=\"elementor-icon elementor-social-icon elementor-social-icon-facebook-f elementor-animation-grow elementor-repeater-item-b56629e\" href=\"https:\/\/www.facebook.com\/bdartframesandmirrors\/\" target=\"_blank\">\n\t\t\t\t\t\t<span class=\"elementor-screen-only\">Facebook-f<\/span>\n\t\t\t\t\t\t<svg class=\"e-font-icon-svg e-fab-facebook-f\" viewbox=\"0 0 320 512\" xmlns=\"http:\/\/www.w3.org\/2000\/svg\"><path d=\"M279.14 288l14.22-92.66h-88.91v-60.13c0-25.35 12.42-50.06 52.24-50.06h40.42V6.26S260.43 0 225.36 0c-73.22 0-121.08 44.38-121.08 124.72v70.62H22.89V288h81.39v224h100.17V288z\"><\/path><\/svg>\t\t\t\t\t<\/a>\n\t\t\t\t<\/span>\n\t\t\t\t\t\t\t<span class=\"elementor-grid-item\">\n\t\t\t\t\t<a class=\"elementor-icon elementor-social-icon elementor-social-icon-instagram elementor-animation-grow elementor-repeater-item-8728f8a\" href=\"https:\/\/www.instagram.com\/bd_art_frames\/\" target=\"_blank\">\n\t\t\t\t\t\t<span class=\"elementor-screen-only\">Instagram<\/span>\n\t\t\t\t\t\t<svg class=\"e-font-icon-svg e-fab-instagram\" viewbox=\"0 0 448 512\" xmlns=\"http:\/\/www.w3.org\/2000\/svg\"><path d=\"M224.1 141c-63.6 0-114.9 51.3-114.9 114.9s51.3 114.9 114.9 114.9S339 319.5 339 255.9 287.7 141 224.1 141zm0 189.6c-41.1 0-74.7-33.5-74.7-74.7s33.5-74.7 74.7-74.7 74.7 33.5 74.7 74.7-33.6 74.7-74.7 74.7zm146.4-194.3c0 14.9-12 26.8-26.8 26.8-14.9 0-26.8-12-26.8-26.8s12-26.8 26.8-26.8 26.8 12 26.8 26.8zm76.1 27.2c-1.7-35.9-9.9-67.7-36.2-93.9-26.2-26.2-58-34.4-93.9-36.2-37-2.1-147.9-2.1-184.9 0-35.8 1.7-67.6 9.9-93.9 36.1s-34.4 58-36.2 93.9c-2.1 37-2.1 147.9 0 184.9 1.7 35.9 9.9 67.7 36.2 93.9s58 34.4 93.9 36.2c37 2.1 147.9 2.1 184.9 0 35.9-1.7 67.7-9.9 93.9-36.2 26.2-26.2 34.4-58 36.2-93.9 2.1-37 2.1-147.8 0-184.8zM398.8 388c-7.8 19.6-22.9 34.7-42.6 42.6-29.5 11.7-99.5 9-132.1 9s-102.7 2.6-132.1-9c-19.6-7.8-34.7-22.9-42.6-42.6-11.7-29.5-9-99.5-9-132.1s-2.6-102.7 9-132.1c7.8-19.6 22.9-34.7 42.6-42.6 29.5-11.7 99.5-9 132.1-9s102.7-2.6 132.1 9c19.6 7.8 34.7 22.9 42.6 42.6 11.7 29.5 9 99.5 9 132.1s2.7 102.7-9 132.1z\"><\/path><\/svg>\t\t\t\t\t<\/a>\n\t\t\t\t<\/span>\n\t\t\t\t\t\t\t<span class=\"elementor-grid-item\">\n\t\t\t\t\t<a class=\"elementor-icon elementor-social-icon elementor-social-icon-pinterest elementor-animation-grow elementor-repeater-item-9cd4e1d\" href=\"https:\/\/pl.pinterest.com\/bd_art_frames\/\" target=\"_blank\">\n\t\t\t\t\t\t<span class=\"elementor-screen-only\">Pinterest<\/span>\n\t\t\t\t\t\t<svg class=\"e-font-icon-svg e-fab-pinterest\" viewbox=\"0 0 496 512\" xmlns=\"http:\/\/www.w3.org\/2000\/svg\"><path d=\"M496 256c0 137-111 248-248 248-25.6 0-50.2-3.9-73.4-11.1 10.1-16.5 25.2-43.5 30.8-65 3-11.6 15.4-59 15.4-59 8.1 15.4 31.7 28.5 56.8 28.5 74.8 0 128.7-68.8 128.7-154.3 0-81.9-66.9-143.2-152.9-143.2-107 0-163.9 71.8-163.9 150.1 0 36.4 19.4 81.7 50.3 96.1 4.7 2.2 7.2 1.2 8.3-3.3.8-3.4 5-20.3 6.9-28.1.6-2.5.3-4.7-1.7-7.1-10.1-12.5-18.3-35.3-18.3-56.6 0-54.7 41.4-107.6 112-107.6 60.9 0 103.6 41.5 103.6 100.9 0 67.1-33.9 113.6-78 113.6-24.3 0-42.6-20.1-36.7-44.8 7-29.5 20.5-61.3 20.5-82.6 0-19-10.2-34.9-31.4-34.9-24.9 0-44.9 25.7-44.9 60.2 0 22 7.4 36.8 7.4 36.8s-24.5 103.8-29 123.2c-5 21.4-3 51.6-.9 71.2C65.4 450.9 0 361.1 0 256 0 119 111 8 248 8s248 111 248 248z\"><\/path><\/svg>\t\t\t\t\t<\/a>\n\t\t\t\t<\/span>\n\t\t\t\t\t<\/div>\n\t\t\t\t<\/div>\n\t\t\t\t<\/div>\n\t\t\t\t\t<\/div>\n\t\t<\/div>\n\t\t\t\t\t<\/div>\n\t\t<\/section>\n\t\t<div class=\"elementor-element elementor-element-9288f93 e-flex e-con-boxed e-con e-parent\" data-id=\"9288f93\" data-element_type=\"container\">\n\t\t\t\t\t<div class=\"e-con-inner\">\n\t\t\t\t<div class=\"elementor-element elementor-element-b14b591 elementor-invisible elementor-widget elementor-widget-heading\" data-id=\"b14b591\" data-element_type=\"widget\" data-settings=\"{&quot;_animation&quot;:&quot;fadeInLeft&quot;}\" data-widget_type=\"heading.default\">\n\t\t\t\t<div class=\"elementor-widget-container\">\n\t\t\t<h2 class=\"elementor-heading-title elementor-size-default\">Magazynier kierowca w\u00f3zka<\/h2>\t\t<\/div>\n\t\t\t\t<\/div>\n\t\t\t\t\t<\/div>\n\t\t\t\t<\/div>\n\t\t<div class=\"elementor-element elementor-element-dcf2bdc e-flex e-con-boxed e-con e-parent\" data-id=\"dcf2bdc\" data-element_type=\"container\">\n\t\t\t\t\t<div class=\"e-con-inner\">\n\t\t\t\t<div class=\"elementor-element elementor-element-3f7be05 elementor-widget elementor-widget-text-editor\" data-id=\"3f7be05\" data-element_type=\"widget\" data-widget_type=\"text-editor.default\">\n\t\t\t\t<div class=\"elementor-widget-container\">\n\t\t\t\t\t\t\t<p class=\"MsoNormal\" style=\"margin-bottom: 0cm; line-height: normal;\"><b>Do\u0142\u0105cz do zespo\u0142u BD Art!<\/b><\/p><p class=\"MsoNormal\" style=\"margin-bottom: 0cm; line-height: normal;\">Jeste\u015bmy jednym z najwi\u0119kszych na \u015bwiecie producent\u00f3w ram, ramek do zdj\u0119\u0107 oraz luster. Od 30 lat wsp\u00f3\u0142pracujemy z mi\u0119dzynarodowymi sieciami handlowymi, takimi jak IKEA, Castorama, Leroy Merlin, a tak\u017ce obs\u0142ugujemy tysi\u0105ce klient\u00f3w indywidualnych robi\u0105cych zakupy online.<\/p><p class=\"MsoNormal\" style=\"margin-bottom: 0cm; line-height: normal;\">Rozwijamy si\u0119 dynamicznie &#8211; i w\u0142a\u015bnie teraz szukamy osoby, kt\u00f3ra do\u0142\u0105czy do naszego zespo\u0142u na stanowisko:<\/p><p class=\"MsoNormal\" style=\"margin-bottom: 0cm; line-height: normal;\"><b>Magazynier, kierowca w\u00f3zka wid\u0142owego<br \/>Miejsce pracy: Ma\u0142kinia G\u00f3rna<\/b><\/p><p><b>G\u0142\u00f3wne zadania:<\/b><br \/>&#8211; roz\u0142adunek i przyj\u0119cie dostaw<br \/>&#8211; przyj\u0119cie wyrobu gotowego z produkcji<br \/>&#8211; za\u0142adunek wyrob\u00f3w gotowych do Klient\u00f3w<br \/><b><br \/>Oczekiwania:<\/b><br \/>&#8211; uprawnienia UDT do kierowania w\u00f3zkami wid\u0142owymi<br \/>&#8211; gotowo\u015b\u0107 do pracy w systemie dwuzmianowym<br \/>&#8211; odpowiedzialno\u015b\u0107, sumienno\u015b\u0107 w wykonywaniu obowi\u0105zk\u00f3w<br \/>Mile widziane do\u015bwiadczenie w pracy na podobnym stanowisku,<\/p><p><a name=\"_Hlk188454461\"><\/a><b>Oferujemy:<\/b> <br \/>&#8211; prac\u0119 w dynamicznie rozwijaj\u0105cej si\u0119 firmie<\/p><p class=\"MsoNormal\" style=\"margin-bottom: 0cm; line-height: normal;\">&#8211; zatrudnienie na umow\u0119 o prac\u0119 ze sta\u0142ym wynagrodzeniem oraz systemem premiowym<\/p><p class=\"MsoNormal\" style=\"margin-bottom: 0cm; line-height: normal;\">&#8211; mo\u017cliwo\u015b\u0107 rozwoju zawodowego i podnoszenia kwalifikacji (kursy, szkolenia)<\/p><p class=\"MsoNormal\" style=\"margin-bottom: 0cm; line-height: normal;\">&#8211; karty Multisport i dodatkowe ubezpieczenia NW na preferencyjnych warunkach<\/p><p class=\"MsoNormal\" style=\"margin-bottom: 0cm; line-height: normal;\">&#8211; zni\u017cki dla pracownik\u00f3w na zakup produkt\u00f3w firmy<\/p><p class=\"MsoNormal\" style=\"margin-bottom: 0cm; line-height: normal;\"><a name=\"_Hlk138936296\"><\/a><a name=\"_Hlk143585299\"><\/a>&#8211; p\u0142atny program polece\u0144 pracowniczych<\/p><p class=\"MsoNormal\" style=\"margin-bottom: 0cm;\"><b>Jak aplikowa\u0107?<\/b><\/p><p class=\"MsoNormal\" style=\"margin-bottom: 0cm; line-height: normal;\">Prze\u015blij swoje CV mailowo lub dostarcz je osobi\u015bcie do naszego zak\u0142adu produkcyjnego w Ma\u0142kini G\u00f3rnej.<\/p><p class=\"MsoNormal\" style=\"margin-bottom: 0cm; line-height: normal;\"><span style=\"font-family: 'Times New Roman',serif; mso-fareast-font-family: 'Times New Roman'; mso-fareast-language: PL;\">\u00a0<\/span><\/p><p class=\"MsoNormal\" style=\"margin-bottom: 0cm; line-height: normal;\"><span style=\"mso-bidi-font-family: Calibri; mso-bidi-theme-font: minor-latin; color: #002060;\">Prosimy o zawarcie w CV klauzuli: Wyra\u017cam zgod\u0119 na przetwarzanie danych osobowych zawartych w mojej ofercie pracy dla potrzeb niezb\u0119dnych do realizacji obecnego oraz przysz\u0142ych proces\u00f3w rekrutacji prowadzonego przez B.D. Art Sp. z o.o. z siedzib\u0105 w Ma\u0142kini G\u00f3rnej zgodnie z ustaw\u0105 z dnia 10 maja 2018 roku o ochronie danych osobowych (Dz. Ustaw z 2018, poz. 1000) oraz zgodnie z Rozporz\u0105dzeniem Parlamentu Europejskiego i Rady (UE) 2016\/679 z dnia 27 kwietnia 2016 r. w sprawie ochrony os\u00f3b fizycznych w zwi\u0105zku z przetwarzaniem danych osobowych i w sprawie swobodnego przep\u0142ywu takich danych oraz uchylenia dyrektywy 95\/46\/WE (RODO).<\/span><\/p><p class=\"MsoNormal\"><span style=\"mso-bidi-font-family: Calibri; mso-bidi-theme-font: minor-latin; color: #002060;\">Jednocze\u015bnie informujemy o dobrowolno\u015bci podania danych osobowych, jednak ich podanie jest niezb\u0119dne do udzia\u0142u w rekrutacji oraz prawie dost\u0119pu do tre\u015bci swoich danych i ich poprawiania lub usuni\u0119cia (mail: <\/span><a href=\"mailto:rodo@bdart.pl\">rodo@bdart.pl<\/a><span style=\"mso-bidi-font-family: Calibri; mso-bidi-theme-font: minor-latin; color: #002060;\">)<\/span><\/p><p class=\"MsoNormal\">W firmie \u00a0obowi\u0105zuje &#8222;Wewn\u0119trzna procedura zg\u0142aszania informacji o naruszeniach prawa i podejmowania dzia\u0142a\u0144 nast\u0119pczych w BD Art Sp\u00f3\u0142ka z ograniczon\u0105 odpowiedzialno\u015bci\u0105&#8221;. Osoby zainteresowane jej tre\u015bci\u0105 mog\u0105 j\u0105 uzyska\u0107 w siedzibie podmiotu.<\/p>\t\t\t\t\t\t<\/div>\n\t\t\t\t<\/div>\n\t\t\t\t\t<\/div>\n\t\t\t\t<\/div>\n\t\t\t\t<\/div>","protected":false},"excerpt":{"rendered":"<p>Magazynier kierowca w\u00f3zka Facebook-f Instagram Pinterest Magazynier kierowca w\u00f3zka Do\u0142\u0105cz do zespo\u0142u BD Art! Jeste\u015bmy jednym z najwi\u0119kszych na \u015bwiecie producent\u00f3w ram, ramek do zdj\u0119\u0107 oraz luster. Od 30 lat wsp\u00f3\u0142pracujemy z mi\u0119dzynarodowymi sieciami handlowymi, takimi jak IKEA, Castorama, Leroy Merlin, a tak\u017ce obs\u0142ugujemy tysi\u0105ce klient\u00f3w indywidualnych robi\u0105cych zakupy online. Rozwijamy si\u0119 dynamicznie &#8211; i [&hellip;]<\/p>","protected":false},"author":2,"featured_media":0,"parent":0,"menu_order":0,"comment_status":"closed","ping_status":"closed","template":"","meta":{"footnotes":""},"class_list":["post-1136","page","type-page","status-publish","hentry"],"_links":{"self":[{"href":"https:\/\/bdart.eu\/en\/wp-json\/wp\/v2\/pages\/1136","targetHints":{"allow":["GET"]}}],"collection":[{"href":"https:\/\/bdart.eu\/en\/wp-json\/wp\/v2\/pages"}],"about":[{"href":"https:\/\/bdart.eu\/en\/wp-json\/wp\/v2\/types\/page"}],"author":[{"embeddable":true,"href":"https:\/\/bdart.eu\/en\/wp-json\/wp\/v2\/users\/2"}],"replies":[{"embeddable":true,"href":"https:\/\/bdart.eu\/en\/wp-json\/wp\/v2\/comments?post=1136"}],"version-history":[{"count":5,"href":"https:\/\/bdart.eu\/en\/wp-json\/wp\/v2\/pages\/1136\/revisions"}],"predecessor-version":[{"id":1144,"href":"https:\/\/bdart.eu\/en\/wp-json\/wp\/v2\/pages\/1136\/revisions\/1144"}],"wp:attachment":[{"href":"https:\/\/bdart.eu\/en\/wp-json\/wp\/v2\/media?parent=1136"}],"curies":[{"name":"wp","href":"https:\/\/api.w.org\/{rel}","templated":true}]}}